{"id":158,"date":"2026-02-15T11:43:56","date_gmt":"2026-02-15T10:43:56","guid":{"rendered":"https:\/\/unitedsecurity.hr\/?page_id=158"},"modified":"2026-03-12T15:26:20","modified_gmt":"2026-03-12T14:26:20","slug":"kontakt","status":"publish","type":"page","link":"https:\/\/unitedsecurity.hr\/en\/kontakt\/","title":{"rendered":"Contact"},"content":{"rendered":"<div class=\"et_pb_section_0 et_pb_section et_section_regular et_block_section\">\n<div class=\"et_pb_row_0 et_pb_row et_block_row\">\n<div class=\"et_pb_column_0 et_pb_column et_pb_column_4_4 et-last-child et_block_column et_pb_css_mix_blend_mode_passthrough\">\n<div class=\"et_pb_heading_0 et_pb_heading et_pb_module et_flex_module\"><div class=\"et_pb_heading_container\"><h2 class=\"et_pb_module_header\">Contact<\/h2><\/div><\/div>\n<\/div>\n<\/div>\n<\/div>\n\n<div class=\"et_pb_section_1 et_pb_section et_section_regular et_flex_section\">\n<div class=\"et_pb_row_1 et_pb_row et_flex_row\">\n<div class=\"et_pb_column_1 et_pb_column et-last-child et_flex_column et_pb_css_mix_blend_mode_passthrough et_flex_column_24_24 et_flex_column_24_24_tablet et_flex_column_24_24_phone\">\n<div class=\"et_pb_row_2 et_pb_row et_pb_row_nested et_flex_row\">\n<div class=\"et_pb_column_2 et_pb_column et-last-child et_flex_column et_pb_css_mix_blend_mode_passthrough et_flex_column_24_24 et_flex_column_24_24_tablet et_flex_column_24_24_phone\">\n<div class=\"et_pb_text_0 et_pb_text et_pb_bg_layout_light et_pb_module et_flex_module\"><div class=\"et_pb_text_inner\"><p style=\"font-weight: 400;\">Get in touch with us \u2013 quickly, easily and securely.<\/p>\n<\/div><\/div>\n<\/div>\n<\/div>\n<\/div>\n<\/div>\n\n<div class=\"et_pb_row_3 et_pb_row et_flex_row\">\n<div class=\"et_pb_column_3 et_pb_column et-last-child et_flex_column et_pb_css_mix_blend_mode_passthrough et_flex_column_24_24 et_flex_column_24_24_tablet et_flex_column_24_24_phone\">\n<div class=\"et_pb_heading_1 et_pb_heading et_pb_module et_flex_module\"><div class=\"et_pb_heading_container\"><h3 class=\"et_pb_module_header\">Contact details<\/h3><\/div><\/div>\n\n<div class=\"et_pb_text_1 et_pb_text et_pb_bg_layout_light et_pb_module et_flex_module\"><div class=\"et_pb_text_inner\"><p style=\"font-weight: 400;\">Address: Letovani\u0107ka 22, 10000, Zagreb<br \/>Phone Number: +385(0)16111410<span> <a href=\"telto:+38516111410\">+385 (0)1 611 1410<\/a><\/span><br \/>Email: info@unitedsecurity.hr\nVAT no: 95542134121. <span><a href=\"mailto:info@unitedsecurity.hr\">info@unitedsecurity.hr<\/a><br \/><\/span>OIB: 95542134121.<span><br \/><\/span><\/p>\n<\/div><\/div>\n<\/div>\n<\/div>\n\n<div class=\"et_pb_row_4 et_pb_row et_flex_row\">\n<div class=\"et_pb_column_4 et_pb_column et-last-child et_flex_column et_pb_css_mix_blend_mode_passthrough et_flex_column_24_24 et_flex_column_24_24_tablet et_flex_column_24_24_phone\">\n<div class=\"et_pb_heading_2 et_pb_heading et_pb_module et_flex_module\"><div class=\"et_pb_heading_container\"><h4 class=\"et_pb_module_header\">Contact form<\/h4><\/div><\/div>\n\n<div class=\"et_pb_text_2 et_pb_text et_pb_bg_layout_light et_pb_module et_flex_module\"><div class=\"et_pb_text_inner\"><p style=\"font-weight: 400;\">Fill in the form and our team will get back to you as soon as possible:<\/p>\n<\/div><\/div>\n\n<div class=\"et_pb_code_0 et_pb_code et_pb_module\"><div class=\"et_pb_code_inner\"><div class=\"forminator-ui forminator-custom-form forminator-custom-form-313 forminator-design--default  forminator_ajax\" data-forminator-render=\"0\" data-form=\"forminator-module-313\" data-uid=\"6a058f02d3248\"><br\/><\/div><form\n\t\t\t\tid=\"forminator-module-313\"\n\t\t\t\tclass=\"forminator-ui forminator-custom-form forminator-custom-form-313 forminator-design--default  forminator_ajax\"\n\t\t\t\tmethod=\"post\"\n\t\t\t\tdata-forminator-render=\"0\"\n\t\t\t\tdata-form-id=\"313\"\n\t\t\t\t data-color-option=\"theme\" data-design=\"default\" data-grid=\"open\" style=\"display: none;\"\n\t\t\t\tdata-uid=\"6a058f02d3248\" action=\"\"\n\t\t\t><div role=\"alert\" aria-live=\"polite\" class=\"forminator-response-message forminator-error\" aria-hidden=\"true\"><\/div><div class=\"forminator-row\"><div id=\"name-1\" class=\"forminator-field-name forminator-col forminator-col-12\"><div class=\"forminator-row forminator-no-margin\" data-multiple=\"true\"><div class=\"forminator-col forminator-col-md-6\"><div class=\"forminator-field\"><label for=\"forminator-field-first-name-1_6a058f02d3248\" id=\"forminator-field-first-name-1_6a058f02d3248-label\" class=\"forminator-label\">First Name <span class=\"forminator-required\">*<\/span><\/label><input type=\"text\" name=\"name-1-first-name\" placeholder=\"First Name\" id=\"forminator-field-first-name-1_6a058f02d3248\" class=\"forminator-input\" aria-required=\"true\" data-multi=\"1\" autocomplete=\"given-name\" value=\"\" \/><\/div><\/div><div class=\"forminator-col forminator-col-md-6\"><div class=\"forminator-field\"><label for=\"forminator-field-last-name-1_6a058f02d3248\" id=\"forminator-field-last-name-1_6a058f02d3248-label\" class=\"forminator-label\">Last Name<\/label><input type=\"text\" name=\"name-1-last-name\" placeholder=\"Last Name\" id=\"forminator-field-last-name-1_6a058f02d3248\" class=\"forminator-input\" aria-required=\"false\" data-multi=\"1\" autocomplete=\"family-name\" value=\"\" \/><\/div><\/div><\/div><\/div><\/div><div class=\"forminator-row\"><div id=\"email-1\" class=\"forminator-field-email forminator-col forminator-col-12\"><div class=\"forminator-field\"><label for=\"forminator-field-email-1_6a058f02d3248\" id=\"forminator-field-email-1_6a058f02d3248-label\" class=\"forminator-label\">Email <span class=\"forminator-required\">*<\/span><\/label><input type=\"email\" name=\"email-1\" value=\"\" placeholder=\"ime@mail.com\" id=\"forminator-field-email-1_6a058f02d3248\" class=\"forminator-input forminator-email--field\" data-required=\"1\" aria-required=\"true\" autocomplete=\"email\" \/><\/div><\/div><\/div><div class=\"forminator-row\"><div id=\"phone-1\" class=\"forminator-field-phone forminator-col forminator-col-12\"><div class=\"forminator-field\"><label for=\"forminator-field-phone-1_6a058f02d3248\" id=\"forminator-field-phone-1_6a058f02d3248-label\" class=\"forminator-label\">Phone Number <span class=\"forminator-required\">*<\/span><\/label><input type=\"text\" name=\"phone-1\" value=\"\" placeholder=\"\" id=\"forminator-field-phone-1_6a058f02d3248\" class=\"forminator-input forminator-field--phone\" data-required=\"1\" aria-required=\"true\" autocomplete=\"off\" data-national_mode=\"enabled\" data-country=\"hr\" data-validation=\"standard\" \/><\/div><\/div><\/div><div class=\"forminator-row\"><div id=\"select-1\" class=\"forminator-field-select forminator-col forminator-col-12\"><div class=\"forminator-field\"><label for=\"forminator-form-313__field--select-1_6a058f02d3248\" id=\"forminator-form-313__field--select-1_6a058f02d3248-label\" class=\"forminator-label\">Enquiry subject <span class=\"forminator-required\">*<\/span><\/label><select multiple id=\"forminator-form-313__field--select-1_6a058f02d3248\" class=\"forminator-select--field forminator-select2 forminator-select2-multiple\" data-required=\"1\" name=\"select-1[]\" data-default-value=\"\" data-hidden-behavior=\"zero\" data-placeholder=\"Odaberite\" data-search=\"false\" data-search-placeholder=\"Search\" data-checkbox=\"false\" data-allow-clear=\"true\" aria-labelledby=\"forminator-form-313__field--select-1_6a058f02d3248-label\"><option value=\"Upit o uslugama\"  data-calculation=\"0\">Service enquiry<\/option><option value=\"Tehni\u010dka podr\u0161ka\"  data-calculation=\"0\">Technical support<\/option><option value=\"Karijere\"  data-calculation=\"0\">Careers<\/option><option value=\"custom_option\"  data-calculation=\"0\">Other<\/option><\/select><div class=\"forminator-field forminator-custom-input\"><input id=\"custom-forminator-form-313__field--select-1_6a058f02d3248\" name=\"custom-select-1\" class=\"forminator-input\" placeholder=\"Molimo upi\u0161ite.\" aria-label=\"Other\" value=\"\" \/><\/div><\/div><\/div><\/div><div class=\"forminator-row\"><div id=\"textarea-1\" class=\"forminator-field-textarea forminator-col forminator-col-12\"><div class=\"forminator-field\"><label for=\"forminator-field-textarea-1_6a058f02d3248\" id=\"forminator-field-textarea-1_6a058f02d3248-label\" class=\"forminator-label\">Poruka <span class=\"forminator-required\">*<\/span><\/label><textarea name=\"textarea-1\" placeholder=\"Detalji upita\" id=\"forminator-field-textarea-1_6a058f02d3248\" class=\"forminator-textarea\" rows=\"6\" style=\"min-height:140px;\" ><\/textarea><\/div><\/div><\/div><div class=\"forminator-row\"><div id=\"consent-1\" class=\"forminator-field-consent forminator-col forminator-col-12\"><div class=\"forminator-field\"><div class=\"forminator-checkbox__wrapper\"><label id=\"forminator-field-consent-1_6a058f02d3248__label\" class=\"forminator-checkbox forminator-consent\"><input type=\"checkbox\" name=\"consent-1\" id=\"forminator-field-consent-1_6a058f02d3248\" value=\"checked\" aria-labelledby=\"forminator-field-consent-1_6a058f02d3248-label\" aria-describedby=\"forminator-field-consent-1_6a058f02d3248__description\" data-required=\"true\" aria-required=\"true\" \/><span class=\"forminator-checkbox-box\" aria-hidden=\"true\"><\/span><\/label><div id=\"forminator-field-consent-1_6a058f02d3248__description\" class=\"forminator-checkbox__label forminator-consent__label\"><p style=\"font-weight: 400\">I agree to the processing of my personal data for the purpose of responding to my enquiry, in accordance with the <a href=\"https:\/\/unitedsecurity.hr\/en\/politika-privatnosti\/\">Privacy Policy<\/a>.<\/p><\/div><\/div><\/div><\/div><\/div><input type=\"hidden\" name=\"referer_url\" value=\"\" \/><div class=\"forminator-row forminator-row-last\"><div class=\"forminator-col\"><div class=\"forminator-field\"><button class=\"forminator-button forminator-button-submit\">Request a quote<\/button><\/div><\/div><\/div><input type=\"hidden\" id=\"forminator_nonce\" name=\"forminator_nonce\" value=\"21e62a4ec9\" \/><input type=\"hidden\" name=\"_wp_http_referer\" value=\"\/en\/wp-json\/wp\/v2\/pages\/158\" \/><input type=\"hidden\" name=\"form_id\" value=\"313\"><input type=\"hidden\" name=\"page_id\" value=\"158\"><input type=\"hidden\" name=\"form_type\" value=\"default\"><input type=\"hidden\" name=\"current_url\" value=\"https:\/\/unitedsecurity.hr\/en\/kontakt\/\"><input type=\"hidden\" name=\"render_id\" value=\"0\"><input type=\"hidden\" name=\"action\" value=\"forminator_submit_form_custom-forms\"><input type=\"hidden\" name=\"trp-form-language\" value=\"en\"\/><\/form><\/div><\/div>\n<\/div>\n<\/div>\n<\/div>","protected":false},"excerpt":{"rendered":"","protected":false},"author":2,"featured_media":0,"parent":0,"menu_order":0,"comment_status":"closed","ping_status":"closed","template":"","meta":{"footnotes":""},"class_list":["post-158","page","type-page","status-publish","hentry"],"yoast_head":"<!-- This site is optimized with the Yoast SEO plugin v27.3 - https:\/\/yoast.com\/product\/yoast-seo-wordpress\/ -->\n<title>Kontakt | UNITED SECURITY<\/title>\n<meta name=\"description\" content=\"Kontaktirajte United Security i zatra\u017eite ponudu za tjelesnu i tehni\u010dku za\u0161titu, video nadzor ili za\u0161titu doga\u0111anja.\" \/>\n<meta name=\"robots\" content=\"index, follow, max-snippet:-1, max-image-preview:large, max-video-preview:-1\" \/>\n<link rel=\"canonical\" href=\"https:\/\/unitedsecurity.hr\/en\/kontakt\/\" \/>\n<meta property=\"og:locale\" content=\"en_US\" \/>\n<meta property=\"og:type\" content=\"article\" \/>\n<meta property=\"og:title\" content=\"Kontakt | UNITED SECURITY\" \/>\n<meta property=\"og:description\" content=\"Kontaktirajte United Security i zatra\u017eite ponudu za tjelesnu i tehni\u010dku za\u0161titu, video nadzor ili za\u0161titu doga\u0111anja.\" \/>\n<meta property=\"og:url\" content=\"https:\/\/unitedsecurity.hr\/en\/kontakt\/\" \/>\n<meta property=\"og:site_name\" content=\"UNITED SECURITY\" \/>\n<meta property=\"article:modified_time\" content=\"2026-03-12T14:26:20+00:00\" \/>\n<meta name=\"twitter:card\" content=\"summary_large_image\" \/>\n<script type=\"application\/ld+json\" class=\"yoast-schema-graph\">{\"@context\":\"https:\\\/\\\/schema.org\",\"@graph\":[{\"@type\":\"WebPage\",\"@id\":\"https:\\\/\\\/unitedsecurity.hr\\\/kontakt\\\/\",\"url\":\"https:\\\/\\\/unitedsecurity.hr\\\/kontakt\\\/\",\"name\":\"Kontakt | UNITED SECURITY\",\"isPartOf\":{\"@id\":\"https:\\\/\\\/unitedsecurity.hr\\\/#website\"},\"datePublished\":\"2026-02-15T10:43:56+00:00\",\"dateModified\":\"2026-03-12T14:26:20+00:00\",\"description\":\"Kontaktirajte United Security i zatra\u017eite ponudu za tjelesnu i tehni\u010dku za\u0161titu, video nadzor ili za\u0161titu doga\u0111anja.\",\"breadcrumb\":{\"@id\":\"https:\\\/\\\/unitedsecurity.hr\\\/kontakt\\\/#breadcrumb\"},\"inLanguage\":\"en-US\",\"potentialAction\":[{\"@type\":\"ReadAction\",\"target\":[\"https:\\\/\\\/unitedsecurity.hr\\\/kontakt\\\/\"]}]},{\"@type\":\"BreadcrumbList\",\"@id\":\"https:\\\/\\\/unitedsecurity.hr\\\/kontakt\\\/#breadcrumb\",\"itemListElement\":[{\"@type\":\"ListItem\",\"position\":1,\"name\":\"Home\",\"item\":\"https:\\\/\\\/unitedsecurity.hr\\\/\"},{\"@type\":\"ListItem\",\"position\":2,\"name\":\"Kontakt\"}]},{\"@type\":\"WebSite\",\"@id\":\"https:\\\/\\\/unitedsecurity.hr\\\/#website\",\"url\":\"https:\\\/\\\/unitedsecurity.hr\\\/\",\"name\":\"UNITED SECURITY | Sigurnost kojoj mo\u017eete vjerovati.\",\"description\":\"Security you can trust\",\"publisher\":{\"@id\":\"https:\\\/\\\/unitedsecurity.hr\\\/#organization\"},\"alternateName\":\"UNITED SECURITY\",\"potentialAction\":[{\"@type\":\"SearchAction\",\"target\":{\"@type\":\"EntryPoint\",\"urlTemplate\":\"https:\\\/\\\/unitedsecurity.hr\\\/?s={search_term_string}\"},\"query-input\":{\"@type\":\"PropertyValueSpecification\",\"valueRequired\":true,\"valueName\":\"search_term_string\"}}],\"inLanguage\":\"en-US\"},{\"@type\":\"Organization\",\"@id\":\"https:\\\/\\\/unitedsecurity.hr\\\/#organization\",\"name\":\"UNITED SECURITY\",\"url\":\"https:\\\/\\\/unitedsecurity.hr\\\/\",\"logo\":{\"@type\":\"ImageObject\",\"inLanguage\":\"en-US\",\"@id\":\"https:\\\/\\\/unitedsecurity.hr\\\/#\\\/schema\\\/logo\\\/image\\\/\",\"url\":\"https:\\\/\\\/unitedsecurity.hr\\\/wp-content\\\/uploads\\\/2025\\\/11\\\/cropped-united-sa-crnom-pozadinom-1.png\",\"contentUrl\":\"https:\\\/\\\/unitedsecurity.hr\\\/wp-content\\\/uploads\\\/2025\\\/11\\\/cropped-united-sa-crnom-pozadinom-1.png\",\"width\":512,\"height\":512,\"caption\":\"UNITED SECURITY\"},\"image\":{\"@id\":\"https:\\\/\\\/unitedsecurity.hr\\\/#\\\/schema\\\/logo\\\/image\\\/\"}}]}<\/script>\n<!-- \/ Yoast SEO plugin. -->","yoast_head_json":{"title":"Kontakt | UNITED SECURITY","description":"Kontaktirajte United Security i zatra\u017eite ponudu za tjelesnu i tehni\u010dku za\u0161titu, video nadzor ili za\u0161titu doga\u0111anja.","robots":{"index":"index","follow":"follow","max-snippet":"max-snippet:-1","max-image-preview":"max-image-preview:large","max-video-preview":"max-video-preview:-1"},"canonical":"https:\/\/unitedsecurity.hr\/en\/kontakt\/","og_locale":"en_US","og_type":"article","og_title":"Kontakt | UNITED SECURITY","og_description":"Kontaktirajte United Security i zatra\u017eite ponudu za tjelesnu i tehni\u010dku za\u0161titu, video nadzor ili za\u0161titu doga\u0111anja.","og_url":"https:\/\/unitedsecurity.hr\/en\/kontakt\/","og_site_name":"UNITED SECURITY","article_modified_time":"2026-03-12T14:26:20+00:00","twitter_card":"summary_large_image","schema":{"@context":"https:\/\/schema.org","@graph":[{"@type":"WebPage","@id":"https:\/\/unitedsecurity.hr\/kontakt\/","url":"https:\/\/unitedsecurity.hr\/kontakt\/","name":"Kontakt | UNITED SECURITY","isPartOf":{"@id":"https:\/\/unitedsecurity.hr\/#website"},"datePublished":"2026-02-15T10:43:56+00:00","dateModified":"2026-03-12T14:26:20+00:00","description":"Kontaktirajte United Security i zatra\u017eite ponudu za tjelesnu i tehni\u010dku za\u0161titu, video nadzor ili za\u0161titu doga\u0111anja.","breadcrumb":{"@id":"https:\/\/unitedsecurity.hr\/kontakt\/#breadcrumb"},"inLanguage":"en-US","potentialAction":[{"@type":"ReadAction","target":["https:\/\/unitedsecurity.hr\/kontakt\/"]}]},{"@type":"BreadcrumbList","@id":"https:\/\/unitedsecurity.hr\/kontakt\/#breadcrumb","itemListElement":[{"@type":"ListItem","position":1,"name":"Home","item":"https:\/\/unitedsecurity.hr\/"},{"@type":"ListItem","position":2,"name":"Kontakt"}]},{"@type":"WebSite","@id":"https:\/\/unitedsecurity.hr\/#website","url":"https:\/\/unitedsecurity.hr\/","name":"UNITED SECURITY | Sigurnost kojoj mo\u017eete vjerovati.","description":"Security you can trust","publisher":{"@id":"https:\/\/unitedsecurity.hr\/#organization"},"alternateName":"UNITED SECURITY","potentialAction":[{"@type":"SearchAction","target":{"@type":"EntryPoint","urlTemplate":"https:\/\/unitedsecurity.hr\/?s={search_term_string}"},"query-input":{"@type":"PropertyValueSpecification","valueRequired":true,"valueName":"search_term_string"}}],"inLanguage":"en-US"},{"@type":"Organization","@id":"https:\/\/unitedsecurity.hr\/#organization","name":"UNITED SECURITY","url":"https:\/\/unitedsecurity.hr\/","logo":{"@type":"ImageObject","inLanguage":"en-US","@id":"https:\/\/unitedsecurity.hr\/#\/schema\/logo\/image\/","url":"https:\/\/unitedsecurity.hr\/wp-content\/uploads\/2025\/11\/cropped-united-sa-crnom-pozadinom-1.png","contentUrl":"https:\/\/unitedsecurity.hr\/wp-content\/uploads\/2025\/11\/cropped-united-sa-crnom-pozadinom-1.png","width":512,"height":512,"caption":"UNITED SECURITY"},"image":{"@id":"https:\/\/unitedsecurity.hr\/#\/schema\/logo\/image\/"}}]}},"_links":{"self":[{"href":"https:\/\/unitedsecurity.hr\/en\/wp-json\/wp\/v2\/pages\/158","targetHints":{"allow":["GET"]}}],"collection":[{"href":"https:\/\/unitedsecurity.hr\/en\/wp-json\/wp\/v2\/pages"}],"about":[{"href":"https:\/\/unitedsecurity.hr\/en\/wp-json\/wp\/v2\/types\/page"}],"author":[{"embeddable":true,"href":"https:\/\/unitedsecurity.hr\/en\/wp-json\/wp\/v2\/users\/2"}],"replies":[{"embeddable":true,"href":"https:\/\/unitedsecurity.hr\/en\/wp-json\/wp\/v2\/comments?post=158"}],"version-history":[{"count":0,"href":"https:\/\/unitedsecurity.hr\/en\/wp-json\/wp\/v2\/pages\/158\/revisions"}],"wp:attachment":[{"href":"https:\/\/unitedsecurity.hr\/en\/wp-json\/wp\/v2\/media?parent=158"}],"curies":[{"name":"wp","href":"https:\/\/api.w.org\/{rel}","templated":true}]}}