{"id":143,"date":"2026-02-15T11:44:06","date_gmt":"2026-02-15T10:44:06","guid":{"rendered":"https:\/\/unitedsecurity.hr\/?page_id=143"},"modified":"2026-03-30T11:20:56","modified_gmt":"2026-03-30T09:20:56","slug":"naslovnica","status":"publish","type":"page","link":"https:\/\/unitedsecurity.hr\/en\/","title":{"rendered":"Home"},"content":{"rendered":"<div class=\"et_pb_section_0 et_pb_section et_section_regular et_flex_section\">\n<div class=\"et_pb_row_0 et_pb_row et_flex_row\">\n<div class=\"et_pb_column_0 et_pb_column et-last-child et_flex_column et_pb_css_mix_blend_mode_passthrough et_flex_column_24_24 et_flex_column_24_24_tablet et_flex_column_24_24_phone\">\n<section class=\"et_pb_fullwidth_header_0 et_pb_fullwidth_header et_pb_bg_layout_dark et_pb_text_align_center et_pb_module et_flex_module\"><div class=\"et_pb_fullwidth_header_container center\"><div class=\"header-content-container center\"><div class=\"header-content et_flex_module\"><h1 class=\"et_pb_module_header\">We care about your safety 24 hours a day.<\/h1><div class=\"et_pb_header_content_wrapper\"><div><b><span lang=\"HR\">The safety of your family and assets is priceless \u2014 you focus on your work, while our professional team takes care of your security. <\/span><\/b><\/div>\n<\/div><div class=\"et_pb_header_button_wrapper\"><a class=\"et_pb_button et_pb_more_button et_pb_button_one\" href=\"https:\/\/unitedsecurity.hr\/en\/kontakt\/\">Send a request<\/a><\/div><\/div><\/div><\/div><div class=\"et_pb_fullwidth_header_overlay\"><\/div><div class=\"et_pb_fullwidth_header_scroll\"><\/div><\/section>\n<\/div>\n<\/div>\n<\/div>\n\n<div class=\"et_pb_section_1 et_pb_section et_section_regular et_flex_section\">\n<div class=\"et_pb_row_1 et_pb_row et_flex_row\">\n<div class=\"et_pb_column_1 et_pb_column et_flex_column et_pb_css_mix_blend_mode_passthrough et_flex_column_8_24 et_flex_column_8_24_tablet et_flex_column_24_24_phone\">\n<div class=\"et_pb_blurb_0 et_pb_blurb et_pb_bg_layout_light et_pb_blurb_position_top et_pb_module et_flex_module\"><div class=\"et_pb_blurb_content et_flex_module\"><div class=\"et_pb_main_blurb_image\"><span class=\"et_pb_image_wrap et_pb_only_image_mode_wrap\"><img loading=\"lazy\" decoding=\"async\" src=\"https:\/\/unitedsecurity.hr\/wp-content\/uploads\/2026\/03\/rear-view-of-businessman-and-bodyguards-walking-to-2026-01-06-00-25-45-utc-scaled.jpg\" width=\"2560\" height=\"1709\" srcset=\"https:\/\/unitedsecurity.hr\/wp-content\/uploads\/2026\/03\/rear-view-of-businessman-and-bodyguards-walking-to-2026-01-06-00-25-45-utc-scaled.jpg 2560w, https:\/\/unitedsecurity.hr\/wp-content\/uploads\/2026\/03\/rear-view-of-businessman-and-bodyguards-walking-to-2026-01-06-00-25-45-utc-1280x855.jpg 1280w, https:\/\/unitedsecurity.hr\/wp-content\/uploads\/2026\/03\/rear-view-of-businessman-and-bodyguards-walking-to-2026-01-06-00-25-45-utc-980x654.jpg 980w, https:\/\/unitedsecurity.hr\/wp-content\/uploads\/2026\/03\/rear-view-of-businessman-and-bodyguards-walking-to-2026-01-06-00-25-45-utc-480x320.jpg 480w\" sizes=\"(min-width: 0px) and (max-width: 480px) 480px, (min-width: 481px) and (max-width: 980px) 980px, (min-width: 981px) and (max-width: 1280px) 1280px, (min-width: 1281px) 2560px, 100vw\" class=\"wp-image-347\" title=\"rear view of businessman and bodyguards walking to car at helipad\" \/><\/span><\/div><div class=\"et_pb_blurb_container\"><h4 class=\"et_pb_module_header\">PHYSICAL PROTECTION<\/h4><div class=\"et_pb_blurb_description\"><div><span lang=\"HR\">Our specially trained and highly equipped security guards are with you 24 hours a day \u2014 discreet, yet highly effective. <\/span><\/div>\n<\/div><\/div><\/div><\/div>\n<\/div>\n\n<div class=\"et_pb_column_2 et_pb_column et_flex_column et_pb_css_mix_blend_mode_passthrough et_flex_column_8_24 et_flex_column_8_24_tablet et_flex_column_24_24_phone\">\n<div class=\"et_pb_blurb_1 et_pb_blurb et_pb_bg_layout_light et_pb_blurb_position_top et_pb_module et_flex_module\"><div class=\"et_pb_blurb_content et_flex_module\"><div class=\"et_pb_main_blurb_image\"><span class=\"et_pb_image_wrap et_pb_only_image_mode_wrap\"><img loading=\"lazy\" decoding=\"async\" src=\"https:\/\/unitedsecurity.hr\/wp-content\/uploads\/2026\/03\/bottom-view-close-up-of-four-white-surveillance-ca-2026-01-08-05-21-17-utc-scaled.jpg\" width=\"2560\" height=\"1707\" srcset=\"https:\/\/unitedsecurity.hr\/wp-content\/uploads\/2026\/03\/bottom-view-close-up-of-four-white-surveillance-ca-2026-01-08-05-21-17-utc-scaled.jpg 2560w, https:\/\/unitedsecurity.hr\/wp-content\/uploads\/2026\/03\/bottom-view-close-up-of-four-white-surveillance-ca-2026-01-08-05-21-17-utc-1280x854.jpg 1280w, https:\/\/unitedsecurity.hr\/wp-content\/uploads\/2026\/03\/bottom-view-close-up-of-four-white-surveillance-ca-2026-01-08-05-21-17-utc-980x653.jpg 980w, https:\/\/unitedsecurity.hr\/wp-content\/uploads\/2026\/03\/bottom-view-close-up-of-four-white-surveillance-ca-2026-01-08-05-21-17-utc-480x320.jpg 480w\" sizes=\"(min-width: 0px) and (max-width: 480px) 480px, (min-width: 481px) and (max-width: 980px) 980px, (min-width: 981px) and (max-width: 1280px) 1280px, (min-width: 1281px) 2560px, 100vw\" class=\"wp-image-342\" title=\"rear view of businessman and bodyguards walking to car at helipad\" \/><\/span><\/div><div class=\"et_pb_blurb_container\"><h4 class=\"et_pb_module_header\">TECHNICAL PROTECTION<\/h4><div class=\"et_pb_blurb_description\"><p style=\"font-weight: 400;\">The most advanced technical solutions allow us to respond promptly at any time, ensuring your maximum safety.<\/p>\n<\/div><\/div><\/div><\/div>\n<\/div>\n\n<div class=\"et_pb_column_3 et_pb_column et-last-child et_flex_column et_pb_css_mix_blend_mode_passthrough et_flex_column_8_24 et_flex_column_8_24_tablet et_flex_column_24_24_phone\">\n<div class=\"et_pb_blurb_2 et_pb_blurb et_pb_bg_layout_light et_pb_blurb_position_top et_pb_module et_flex_module\"><div class=\"et_pb_blurb_content et_flex_module\"><div class=\"et_pb_main_blurb_image\"><span class=\"et_pb_image_wrap et_pb_only_image_mode_wrap\"><img loading=\"lazy\" decoding=\"async\" src=\"https:\/\/unitedsecurity.hr\/wp-content\/uploads\/2026\/03\/security-guard-headphones-and-cctv-monitor-commu-logo-scaled.jpg\" alt=\"Security guard monitoring CCTV cameras and using walkie talkie in office, back view\" width=\"2560\" height=\"1708\" srcset=\"https:\/\/unitedsecurity.hr\/wp-content\/uploads\/2026\/03\/security-guard-headphones-and-cctv-monitor-commu-logo-scaled.jpg 2560w, https:\/\/unitedsecurity.hr\/wp-content\/uploads\/2026\/03\/security-guard-headphones-and-cctv-monitor-commu-logo-1280x854.jpg 1280w, https:\/\/unitedsecurity.hr\/wp-content\/uploads\/2026\/03\/security-guard-headphones-and-cctv-monitor-commu-logo-980x654.jpg 980w, https:\/\/unitedsecurity.hr\/wp-content\/uploads\/2026\/03\/security-guard-headphones-and-cctv-monitor-commu-logo-480x320.jpg 480w\" sizes=\"(min-width: 0px) and (max-width: 480px) 480px, (min-width: 481px) and (max-width: 980px) 980px, (min-width: 981px) and (max-width: 1280px) 1280px, (min-width: 1281px) 2560px, 100vw\" class=\"wp-image-416\" title=\"security-guard-headphones-and-cctv-monitor-commu-logo\" \/><\/span><\/div><div class=\"et_pb_blurb_container\"><h4 class=\"et_pb_module_header\">CENTRAL MONITORING SYSTEM (CMS)<\/h4><div class=\"et_pb_blurb_description\"><p style=\"font-weight: 400;\">Our CMS detects movement as well as smoke or fire, enabling immediate intervention and instant notification of the relevant emergency services.<\/p>\n<\/div><\/div><\/div><\/div>\n<\/div>\n<\/div>\n\n<div class=\"et_pb_row_2 et_pb_row et_flex_row\">\n<div class=\"et_pb_column_4 et_pb_column et_flex_column et_pb_css_mix_blend_mode_passthrough et_flex_column_8_24 et_flex_column_8_24_tablet et_flex_column_24_24_phone\">\n<div class=\"et_pb_blurb_3 et_pb_blurb et_pb_bg_layout_light et_pb_blurb_position_top et_pb_module et_flex_module\"><div class=\"et_pb_blurb_content et_flex_module\"><div class=\"et_pb_main_blurb_image\"><span class=\"et_pb_image_wrap et_pb_only_image_mode_wrap\"><img loading=\"lazy\" decoding=\"async\" src=\"https:\/\/unitedsecurity.hr\/wp-content\/uploads\/2026\/03\/cctv-security-camera-on-monitor-the-abstract-store-2026-01-05-06-26-34-utc-scaled.jpg\" width=\"2560\" height=\"1696\" srcset=\"https:\/\/unitedsecurity.hr\/wp-content\/uploads\/2026\/03\/cctv-security-camera-on-monitor-the-abstract-store-2026-01-05-06-26-34-utc-scaled.jpg 2560w, https:\/\/unitedsecurity.hr\/wp-content\/uploads\/2026\/03\/cctv-security-camera-on-monitor-the-abstract-store-2026-01-05-06-26-34-utc-1280x848.jpg 1280w, https:\/\/unitedsecurity.hr\/wp-content\/uploads\/2026\/03\/cctv-security-camera-on-monitor-the-abstract-store-2026-01-05-06-26-34-utc-980x649.jpg 980w, https:\/\/unitedsecurity.hr\/wp-content\/uploads\/2026\/03\/cctv-security-camera-on-monitor-the-abstract-store-2026-01-05-06-26-34-utc-480x318.jpg 480w\" sizes=\"(min-width: 0px) and (max-width: 480px) 480px, (min-width: 481px) and (max-width: 980px) 980px, (min-width: 981px) and (max-width: 1280px) 1280px, (min-width: 1281px) 2560px, 100vw\" class=\"wp-image-345\" title=\"rear view of businessman and bodyguards walking to car at helipad\" \/><\/span><\/div><div class=\"et_pb_blurb_container\"><h4 class=\"et_pb_module_header\">VIDEO SURVEILLANCE<\/h4><div class=\"et_pb_blurb_description\"><p style=\"font-weight: 400;\">Business premises where valuable activities take place or where valuable equipment and documentation are stored are successfully protected by our surveillance systems.<\/p>\n<\/div><\/div><\/div><\/div>\n<\/div>\n\n<div class=\"et_pb_column_5 et_pb_column et_flex_column et_pb_css_mix_blend_mode_passthrough et_flex_column_8_24 et_flex_column_8_24_tablet et_flex_column_24_24_phone\">\n<div class=\"et_pb_blurb_4 et_pb_blurb et_pb_bg_layout_light et_pb_blurb_position_top et_pb_module et_flex_module\"><div class=\"et_pb_blurb_content et_flex_module\"><div class=\"et_pb_main_blurb_image\"><span class=\"et_pb_image_wrap et_pb_only_image_mode_wrap\"><img loading=\"lazy\" decoding=\"async\" src=\"https:\/\/unitedsecurity.hr\/wp-content\/uploads\/2026\/03\/security-guard-protecting-client-scaled.jpg\" width=\"2560\" height=\"1709\" srcset=\"https:\/\/unitedsecurity.hr\/wp-content\/uploads\/2026\/03\/security-guard-protecting-client-scaled.jpg 2560w, https:\/\/unitedsecurity.hr\/wp-content\/uploads\/2026\/03\/security-guard-protecting-client-1280x855.jpg 1280w, https:\/\/unitedsecurity.hr\/wp-content\/uploads\/2026\/03\/security-guard-protecting-client-980x654.jpg 980w, https:\/\/unitedsecurity.hr\/wp-content\/uploads\/2026\/03\/security-guard-protecting-client-480x320.jpg 480w\" sizes=\"(min-width: 0px) and (max-width: 480px) 480px, (min-width: 481px) and (max-width: 980px) 980px, (min-width: 981px) and (max-width: 1280px) 1280px, (min-width: 1281px) 2560px, 100vw\" class=\"wp-image-341\" title=\"rear view of businessman and bodyguards walking to car at helipad\" \/><\/span><\/div><div class=\"et_pb_blurb_container\"><h4 class=\"et_pb_module_header\">PROTECTION OF VALUABLES<\/h4><div class=\"et_pb_blurb_description\"><p style=\"font-weight: 400;\">If you need to transport valuables from one location to another, there is no safer solution than our professional escort.<\/p>\n<\/div><\/div><\/div><\/div>\n<\/div>\n\n<div class=\"et_pb_column_6 et_pb_column et-last-child et_flex_column et_pb_css_mix_blend_mode_passthrough et_flex_column_8_24 et_flex_column_8_24_tablet et_flex_column_24_24_phone\">\n<div class=\"et_pb_blurb_5 et_pb_blurb et_pb_bg_layout_light et_pb_blurb_position_top et_pb_module et_flex_module\"><div class=\"et_pb_blurb_content et_flex_module\"><div class=\"et_pb_main_blurb_image\"><span class=\"et_pb_image_wrap et_pb_only_image_mode_wrap\"><img loading=\"lazy\" decoding=\"async\" src=\"https:\/\/unitedsecurity.hr\/wp-content\/uploads\/2026\/03\/member-of-security-guard-team-on-public-event-2026-01-07-05-55-21-utc-scaled.jpg\" width=\"2560\" height=\"1709\" srcset=\"https:\/\/unitedsecurity.hr\/wp-content\/uploads\/2026\/03\/member-of-security-guard-team-on-public-event-2026-01-07-05-55-21-utc-scaled.jpg 2560w, https:\/\/unitedsecurity.hr\/wp-content\/uploads\/2026\/03\/member-of-security-guard-team-on-public-event-2026-01-07-05-55-21-utc-1280x855.jpg 1280w, https:\/\/unitedsecurity.hr\/wp-content\/uploads\/2026\/03\/member-of-security-guard-team-on-public-event-2026-01-07-05-55-21-utc-980x654.jpg 980w, https:\/\/unitedsecurity.hr\/wp-content\/uploads\/2026\/03\/member-of-security-guard-team-on-public-event-2026-01-07-05-55-21-utc-480x320.jpg 480w\" sizes=\"(min-width: 0px) and (max-width: 480px) 480px, (min-width: 481px) and (max-width: 980px) 980px, (min-width: 981px) and (max-width: 1280px) 1280px, (min-width: 1281px) 2560px, 100vw\" class=\"wp-image-346\" title=\"rear view of businessman and bodyguards walking to car at helipad\" \/><\/span><\/div><div class=\"et_pb_blurb_container\"><h4 class=\"et_pb_module_header\">EVENT PROTECTION<\/h4><div class=\"et_pb_blurb_description\"><p style=\"font-weight: 400;\">From maintaining order at outdoor venues and stadiums to securing events in large halls or smaller, more intimate spaces.<\/p>\n<\/div><\/div><\/div><\/div>\n<\/div>\n<\/div>\n<\/div>\n\n<div class=\"et_pb_section_2 et_pb_section et_section_regular et_flex_section\">\n<div class=\"et_pb_row_3 et_pb_row et_flex_row\">\n<div class=\"et_pb_column_7 et_pb_column et-last-child et_flex_column et_pb_css_mix_blend_mode_passthrough et_flex_column_24_24 et_flex_column_24_24_tablet et_flex_column_24_24_phone\">\n<div class=\"et_pb_heading_0 et_pb_heading et_pb_module et_flex_module\"><div class=\"et_pb_heading_container\"><h2 class=\"et_pb_module_header\">OUR SUCCESS IN NUMBERS<\/h2><\/div><\/div>\n<\/div>\n<\/div>\n\n<div class=\"et_pb_row_4 et_pb_row et_flex_row\">\n<div class=\"et_pb_column_8 et_pb_column et_flex_column et_pb_css_mix_blend_mode_passthrough et_flex_column_6_24 et_flex_column_12_24_tablet et_flex_column_24_24_phone\">\n<div class=\"et_pb_number_counter_0 et_pb_number_counter et_pb_bg_layout_light et_pb_text_align_center et_pb_with_title et_pb_module et_flex_module\"><div class=\"percent\"><p><span class=\"percent-value\"><\/span><span class=\"percent-sign\"><\/span><\/p><\/div><h3 class=\"title\">PROPERTIES PROTECTED<\/h3><\/div>\n<\/div>\n\n<div class=\"et_pb_column_9 et_pb_column et_flex_column et_pb_css_mix_blend_mode_passthrough et_flex_column_6_24 et_flex_column_12_24_tablet et_flex_column_24_24_phone\">\n<div class=\"et_pb_number_counter_1 et_pb_number_counter et_pb_bg_layout_light et_pb_text_align_center et_pb_with_title et_pb_module et_flex_module\"><div class=\"percent\"><p><span class=\"percent-value\"><\/span><span class=\"percent-sign\"><\/span><\/p><\/div><h3 class=\"title\">PEOPLE PROTECTED<\/h3><\/div>\n<\/div>\n\n<div class=\"et_pb_column_10 et_pb_column et_flex_column et_pb_css_mix_blend_mode_passthrough et_flex_column_6_24 et_flex_column_12_24_tablet et_flex_column_24_24_phone\">\n<div class=\"et_pb_number_counter_2 et_pb_number_counter et_pb_bg_layout_light et_pb_text_align_center et_pb_with_title et_pb_module et_flex_module\"><div class=\"percent\"><p><span class=\"percent-value\"><\/span><span class=\"percent-sign\"><\/span><\/p><\/div><h3 class=\"title\">EVENTS PROTECTED<\/h3><\/div>\n<\/div>\n\n<div class=\"et_pb_column_11 et_pb_column et-last-child et_flex_column et_pb_css_mix_blend_mode_passthrough et_flex_column_6_24 et_flex_column_12_24_tablet et_flex_column_24_24_phone\">\n<div class=\"et_pb_number_counter_3 et_pb_number_counter et_pb_bg_layout_light et_pb_text_align_center et_pb_with_title et_pb_module et_flex_module\"><div class=\"percent\"><p><span class=\"percent-value\"><\/span><span class=\"percent-sign\"><\/span><\/p><\/div><h3 class=\"title\">YEARS OF EXPERIENCE<\/h3><\/div>\n<\/div>\n<\/div>\n<\/div>\n\n<div class=\"et_pb_section_3 et_pb_section et_section_regular et_flex_section\">\n<div class=\"et_pb_row_5 et_pb_row et_flex_row\">\n<div class=\"et_pb_column_12 et_pb_column et-last-child et_flex_column et_pb_css_mix_blend_mode_passthrough et_flex_column_24_24 et_flex_column_24_24_tablet et_flex_column_24_24_phone\">\n<div class=\"et_pb_heading_1 et_pb_heading et_pb_module et_flex_module\"><div class=\"et_pb_heading_container\"><h2 class=\"et_pb_module_header\">What our clients say<\/h2><\/div><\/div>\n<\/div>\n<\/div>\n\n<div class=\"et_pb_row_6 et_pb_row et_flex_row\">\n<div class=\"et_pb_column_13 et_pb_column et-last-child et_flex_column et_pb_css_mix_blend_mode_passthrough et_flex_column_24_24 et_flex_column_24_24_tablet et_flex_column_24_24_phone\">\n<div class=\"et_pb_slider_0 et_pb_slider et_pb_slider_fullwidth_off et_pb_module et_flex_module\"><div class=\"et_pb_slides\">\n<div class=\"et_pb_slide_0 et_pb_slide et_pb_media_alignment_center et_pb_bg_layout_dark\" data-slide-id=\"divi\/slide-0\"><div class=\"et_pb_container\"><div class=\"et_pb_slider_container_inner\"><div class=\"et_pb_slide_description et_flex_module\">\n<div class=\"et_pb_testimonial_0 et_pb_testimonial et_pb_testimonial_no_image et_pb_bg_layout_light et_pb_module et_flex_module\"><div class=\"et_pb_testimonial_inner\"><div class=\"et_pb_testimonial_description et_flex_module\"><div class=\"et_pb_testimonial_description_inner\"><div class=\"et_pb_testimonial_content\"><div><i><span lang=\"EN-US\">Working with United Security has given us a complete sense of security. Their staff are professional, discreet and always available when we need them.<\/span><\/i><\/div>\n<\/div><\/div><div class=\"et_pb_testimonial_author\">Business client, Zagreb<\/div><div class=\"et_pb_testimonial_meta\"><\/div><\/div><\/div><\/div>\n<\/div><\/div><\/div><\/div>\n\n<div class=\"et_pb_slide_1 et_pb_slide et_pb_media_alignment_center et_pb_bg_layout_dark\" data-slide-id=\"divi\/slide-1\"><div class=\"et_pb_container\"><div class=\"et_pb_slider_container_inner\"><div class=\"et_pb_slide_description et_flex_module\"><div class=\"et_pb_slide_content\"><div><\/div>\n<div><\/div>\n<\/div>\n<div class=\"et_pb_testimonial_1 et_pb_testimonial et_pb_testimonial_no_image et_pb_bg_layout_light et_pb_module et_flex_module\"><div class=\"et_pb_testimonial_inner\"><div class=\"et_pb_testimonial_description et_flex_module\"><div class=\"et_pb_testimonial_description_inner\"><div class=\"et_pb_testimonial_content\"><div><i><span lang=\"EN-US\">A quick response and clear communication are what set them apart from others. United Security is a partner we can rely on at all times.<\/span><\/i><\/div>\n<\/div><\/div><div class=\"et_pb_testimonial_author\">Business Centre Manager<\/div><div class=\"et_pb_testimonial_meta\"><\/div><\/div><\/div><\/div>\n<\/div><\/div><\/div><\/div>\n\n<div class=\"et_pb_slide_2 et_pb_slide et_pb_media_alignment_center et_pb_bg_layout_dark\" data-slide-id=\"divi\/slide-2\"><div class=\"et_pb_container\"><div class=\"et_pb_slider_container_inner\"><div class=\"et_pb_slide_description et_flex_module\"><div class=\"et_pb_slide_content\"><div><\/div>\n<div><\/div>\n<\/div>\n<div class=\"et_pb_testimonial_2 et_pb_testimonial et_pb_testimonial_no_image et_pb_bg_layout_light et_pb_module et_flex_module\"><div class=\"et_pb_testimonial_inner\"><div class=\"et_pb_testimonial_description et_flex_module\"><div class=\"et_pb_testimonial_description_inner\"><div class=\"et_pb_testimonial_content\"><div><i><span lang=\"EN-US\">From the first contact to completion, everything was handled with the utmost professionalism. We would recommend them to anyone looking for a serious security company.<\/span><\/i><\/div>\n<\/div><\/div><div class=\"et_pb_testimonial_author\">Private client<\/div><div class=\"et_pb_testimonial_meta\"><\/div><\/div><\/div><\/div>\n<\/div><\/div><\/div><\/div>\n<\/div><\/div>\n<\/div>\n<\/div>\n<\/div>","protected":false},"excerpt":{"rendered":"","protected":false},"author":2,"featured_media":0,"parent":0,"menu_order":0,"comment_status":"closed","ping_status":"closed","template":"","meta":{"footnotes":""},"class_list":["post-143","page","type-page","status-publish","hentry"],"yoast_head":"<!-- This site is optimized with the Yoast SEO plugin v27.3 - https:\/\/yoast.com\/product\/yoast-seo-wordpress\/ -->\n<title>Naslovnica | UNITED SECURITY<\/title>\n<meta name=\"description\" content=\"United Security je za\u0161titarska tvrtka s dugogodi\u0161njim iskustvom u pru\u017eanju profesionalne za\u0161tite osoba i imovine.\" \/>\n<meta name=\"robots\" content=\"index, follow, max-snippet:-1, max-image-preview:large, max-video-preview:-1\" \/>\n<link rel=\"canonical\" href=\"https:\/\/unitedsecurity.hr\/en\/\" \/>\n<meta property=\"og:locale\" content=\"en_US\" \/>\n<meta property=\"og:type\" content=\"article\" \/>\n<meta property=\"og:title\" content=\"Naslovnica | UNITED SECURITY\" \/>\n<meta property=\"og:description\" content=\"United Security je za\u0161titarska tvrtka s dugogodi\u0161njim iskustvom u pru\u017eanju profesionalne za\u0161tite osoba i imovine.\" \/>\n<meta property=\"og:url\" content=\"https:\/\/unitedsecurity.hr\/en\/\" \/>\n<meta property=\"og:site_name\" content=\"UNITED SECURITY\" \/>\n<meta property=\"article:modified_time\" content=\"2026-03-30T09:20:56+00:00\" \/>\n<meta name=\"twitter:card\" content=\"summary_large_image\" \/>\n<script type=\"application\/ld+json\" class=\"yoast-schema-graph\">{\"@context\":\"https:\\\/\\\/schema.org\",\"@graph\":[{\"@type\":\"WebPage\",\"@id\":\"https:\\\/\\\/unitedsecurity.hr\\\/\",\"url\":\"https:\\\/\\\/unitedsecurity.hr\\\/\",\"name\":\"Naslovnica | UNITED SECURITY\",\"isPartOf\":{\"@id\":\"https:\\\/\\\/unitedsecurity.hr\\\/#website\"},\"datePublished\":\"2026-02-15T10:44:06+00:00\",\"dateModified\":\"2026-03-30T09:20:56+00:00\",\"description\":\"United Security je za\u0161titarska tvrtka s dugogodi\u0161njim iskustvom u pru\u017eanju profesionalne za\u0161tite osoba i imovine.\",\"breadcrumb\":{\"@id\":\"https:\\\/\\\/unitedsecurity.hr\\\/#breadcrumb\"},\"inLanguage\":\"en-US\",\"potentialAction\":[{\"@type\":\"ReadAction\",\"target\":[\"https:\\\/\\\/unitedsecurity.hr\\\/\"]}]},{\"@type\":\"BreadcrumbList\",\"@id\":\"https:\\\/\\\/unitedsecurity.hr\\\/#breadcrumb\",\"itemListElement\":[{\"@type\":\"ListItem\",\"position\":1,\"name\":\"Home\",\"item\":\"https:\\\/\\\/unitedsecurity.hr\\\/\"},{\"@type\":\"ListItem\",\"position\":2,\"name\":\"Naslovnica\"}]},{\"@type\":\"WebSite\",\"@id\":\"https:\\\/\\\/unitedsecurity.hr\\\/#website\",\"url\":\"https:\\\/\\\/unitedsecurity.hr\\\/\",\"name\":\"UNITED SECURITY | Sigurnost kojoj mo\u017eete vjerovati.\",\"description\":\"Security you can trust\",\"publisher\":{\"@id\":\"https:\\\/\\\/unitedsecurity.hr\\\/#organization\"},\"alternateName\":\"UNITED SECURITY\",\"potentialAction\":[{\"@type\":\"SearchAction\",\"target\":{\"@type\":\"EntryPoint\",\"urlTemplate\":\"https:\\\/\\\/unitedsecurity.hr\\\/?s={search_term_string}\"},\"query-input\":{\"@type\":\"PropertyValueSpecification\",\"valueRequired\":true,\"valueName\":\"search_term_string\"}}],\"inLanguage\":\"en-US\"},{\"@type\":\"Organization\",\"@id\":\"https:\\\/\\\/unitedsecurity.hr\\\/#organization\",\"name\":\"UNITED SECURITY\",\"url\":\"https:\\\/\\\/unitedsecurity.hr\\\/\",\"logo\":{\"@type\":\"ImageObject\",\"inLanguage\":\"en-US\",\"@id\":\"https:\\\/\\\/unitedsecurity.hr\\\/#\\\/schema\\\/logo\\\/image\\\/\",\"url\":\"https:\\\/\\\/unitedsecurity.hr\\\/wp-content\\\/uploads\\\/2025\\\/11\\\/cropped-united-sa-crnom-pozadinom-1.png\",\"contentUrl\":\"https:\\\/\\\/unitedsecurity.hr\\\/wp-content\\\/uploads\\\/2025\\\/11\\\/cropped-united-sa-crnom-pozadinom-1.png\",\"width\":512,\"height\":512,\"caption\":\"UNITED SECURITY\"},\"image\":{\"@id\":\"https:\\\/\\\/unitedsecurity.hr\\\/#\\\/schema\\\/logo\\\/image\\\/\"}}]}<\/script>\n<!-- \/ Yoast SEO plugin. -->","yoast_head_json":{"title":"Naslovnica | UNITED SECURITY","description":"United Security je za\u0161titarska tvrtka s dugogodi\u0161njim iskustvom u pru\u017eanju profesionalne za\u0161tite osoba i imovine.","robots":{"index":"index","follow":"follow","max-snippet":"max-snippet:-1","max-image-preview":"max-image-preview:large","max-video-preview":"max-video-preview:-1"},"canonical":"https:\/\/unitedsecurity.hr\/en\/","og_locale":"en_US","og_type":"article","og_title":"Naslovnica | UNITED SECURITY","og_description":"United Security je za\u0161titarska tvrtka s dugogodi\u0161njim iskustvom u pru\u017eanju profesionalne za\u0161tite osoba i imovine.","og_url":"https:\/\/unitedsecurity.hr\/en\/","og_site_name":"UNITED SECURITY","article_modified_time":"2026-03-30T09:20:56+00:00","twitter_card":"summary_large_image","schema":{"@context":"https:\/\/schema.org","@graph":[{"@type":"WebPage","@id":"https:\/\/unitedsecurity.hr\/","url":"https:\/\/unitedsecurity.hr\/","name":"Naslovnica | UNITED SECURITY","isPartOf":{"@id":"https:\/\/unitedsecurity.hr\/#website"},"datePublished":"2026-02-15T10:44:06+00:00","dateModified":"2026-03-30T09:20:56+00:00","description":"United Security je za\u0161titarska tvrtka s dugogodi\u0161njim iskustvom u pru\u017eanju profesionalne za\u0161tite osoba i imovine.","breadcrumb":{"@id":"https:\/\/unitedsecurity.hr\/#breadcrumb"},"inLanguage":"en-US","potentialAction":[{"@type":"ReadAction","target":["https:\/\/unitedsecurity.hr\/"]}]},{"@type":"BreadcrumbList","@id":"https:\/\/unitedsecurity.hr\/#breadcrumb","itemListElement":[{"@type":"ListItem","position":1,"name":"Home","item":"https:\/\/unitedsecurity.hr\/"},{"@type":"ListItem","position":2,"name":"Naslovnica"}]},{"@type":"WebSite","@id":"https:\/\/unitedsecurity.hr\/#website","url":"https:\/\/unitedsecurity.hr\/","name":"UNITED SECURITY | Sigurnost kojoj mo\u017eete vjerovati.","description":"Security you can trust","publisher":{"@id":"https:\/\/unitedsecurity.hr\/#organization"},"alternateName":"UNITED SECURITY","potentialAction":[{"@type":"SearchAction","target":{"@type":"EntryPoint","urlTemplate":"https:\/\/unitedsecurity.hr\/?s={search_term_string}"},"query-input":{"@type":"PropertyValueSpecification","valueRequired":true,"valueName":"search_term_string"}}],"inLanguage":"en-US"},{"@type":"Organization","@id":"https:\/\/unitedsecurity.hr\/#organization","name":"UNITED SECURITY","url":"https:\/\/unitedsecurity.hr\/","logo":{"@type":"ImageObject","inLanguage":"en-US","@id":"https:\/\/unitedsecurity.hr\/#\/schema\/logo\/image\/","url":"https:\/\/unitedsecurity.hr\/wp-content\/uploads\/2025\/11\/cropped-united-sa-crnom-pozadinom-1.png","contentUrl":"https:\/\/unitedsecurity.hr\/wp-content\/uploads\/2025\/11\/cropped-united-sa-crnom-pozadinom-1.png","width":512,"height":512,"caption":"UNITED SECURITY"},"image":{"@id":"https:\/\/unitedsecurity.hr\/#\/schema\/logo\/image\/"}}]}},"_links":{"self":[{"href":"https:\/\/unitedsecurity.hr\/en\/wp-json\/wp\/v2\/pages\/143","targetHints":{"allow":["GET"]}}],"collection":[{"href":"https:\/\/unitedsecurity.hr\/en\/wp-json\/wp\/v2\/pages"}],"about":[{"href":"https:\/\/unitedsecurity.hr\/en\/wp-json\/wp\/v2\/types\/page"}],"author":[{"embeddable":true,"href":"https:\/\/unitedsecurity.hr\/en\/wp-json\/wp\/v2\/users\/2"}],"replies":[{"embeddable":true,"href":"https:\/\/unitedsecurity.hr\/en\/wp-json\/wp\/v2\/comments?post=143"}],"version-history":[{"count":1,"href":"https:\/\/unitedsecurity.hr\/en\/wp-json\/wp\/v2\/pages\/143\/revisions"}],"predecessor-version":[{"id":417,"href":"https:\/\/unitedsecurity.hr\/en\/wp-json\/wp\/v2\/pages\/143\/revisions\/417"}],"wp:attachment":[{"href":"https:\/\/unitedsecurity.hr\/en\/wp-json\/wp\/v2\/media?parent=143"}],"curies":[{"name":"wp","href":"https:\/\/api.w.org\/{rel}","templated":true}]}}